{"id":71,"date":"2023-07-19T20:23:18","date_gmt":"2023-07-19T18:23:18","guid":{"rendered":"https:\/\/agorae-paris-saclay.fr\/?page_id=71"},"modified":"2025-01-15T21:24:58","modified_gmt":"2025-01-15T20:24:58","slug":"devenir-beneficiaire","status":"publish","type":"page","link":"https:\/\/agorae-paris-saclay.fr\/index.php\/devenir-beneficiaire\/","title":{"rendered":"Devenir b\u00e9n\u00e9ficiaire"},"content":{"rendered":"\n<div class=\"wp-block-group justify has-global-padding is-layout-constrained\">\n<div class=\"wp-block-buttons is-layout-flex\">\n<div class=\"wp-block-button\"><a class=\"wp-block-button__link has-base-color has-text-color has-background has-text-align-center wp-element-button\" href=\"https:\/\/agorae-paris-saclay.fr\/index.php\/join-the-agorae-paris-saclay\/\" style=\"background-color:#15a995\">English version here!<\/a><\/div>\n<\/div>\n\n\n\n<div style=\"height:20px\" aria-hidden=\"true\" class=\"wp-block-spacer\"><\/div>\n\n\n\n<div class=\"wp-block-group is-vertical is-content-justification-stretch is-layout-flex wp-container-2\">\n<p class=\"has-text-align-center has-base-color has-base-background-color has-text-color has-background\"><\/p>\n<\/div>\n\n\n\n<div style=\"height:20px\" aria-hidden=\"true\" class=\"wp-block-spacer\"><\/div>\n\n\n\n<h5 class=\"wp-block-heading\">Qu&rsquo;est-ce qu&rsquo;\u00eatre b\u00e9n\u00e9ficiaire \u00e0 l&rsquo;AGORA\u00e9 ?<\/h5>\n\n\n\n<p class=\"has-text-align-left justify\">\u00catre b\u00e9n\u00e9ficiaire au sein de l&rsquo;AGORA\u00e9 Paris-Saclay c&rsquo;est avoir acc\u00e8s \u00e0 des produits du quotidiens (alimentaires et hygi\u00e9niques) \u00e0 des prix tr\u00e8s r\u00e9duits.<\/p>\n\n\n\n<p class=\"justify\">L&rsquo;AGORA\u00e9 Paris-Saclay organise aussi des \u00e9v\u00e9nements gratuits pour les b\u00e9n\u00e9ficiaires afin de leur faire d\u00e9couvrir des fa\u00e7ons de cuisiner les produits vendus dans l&rsquo;\u00e9picerie. C&rsquo;est un lieu de vie, qui permet de rassembler tant les b\u00e9n\u00e9ficiaires que les b\u00e9n\u00e9voles lors de moment conviviaux.<\/p>\n\n\n\n<div style=\"height:40px\" aria-hidden=\"true\" class=\"wp-block-spacer\"><\/div>\n\n\n\n<h5 class=\"wp-block-heading\">Quels sont les crit\u00e8res pour devenir b\u00e9n\u00e9ficiaire ?<\/h5>\n\n\n\n<p>Il faut r\u00e9pondre \u00e0 deux crit\u00e8res principaux :<\/p>\n\n\n\n<ul>\n<li><strong><mark style=\"background-color:rgba(0, 0, 0, 0);color:#f90404\" class=\"has-inline-color\">\u00eatre \u00e9tudiant de l&rsquo;Universit\u00e9 Paris-Saclay<\/mark><\/strong><\/li>\n\n\n\n<li><strong><mark style=\"background-color:rgba(0, 0, 0, 0);color:#fe0202\" class=\"has-inline-color\">avoir moins de 7,50\u20ac pour manger par jour<\/mark><\/strong> (calcul d\u00e9taill\u00e9 dans le dossier \u00e0 remplir)<\/li>\n<\/ul>\n\n\n\n<div style=\"height:40px\" aria-hidden=\"true\" class=\"wp-block-spacer\"><\/div>\n\n\n\n<div class=\"wp-block-group has-background has-global-padding is-layout-constrained\" style=\"border-width:1px;border-radius:7px;background-color:#fff2f2;padding-top:var(--wp--preset--spacing--30);padding-right:var(--wp--preset--spacing--30);padding-bottom:var(--wp--preset--spacing--30);padding-left:var(--wp--preset--spacing--30)\">\n<h5 class=\"wp-block-heading\">Comment devenir b\u00e9n\u00e9ficiaire ?<\/h5>\n\n\n\n<p class=\"justify\">Vous devez <strong>remplir un dossier<\/strong> (<a href=\"https:\/\/agorae-paris-saclay.fr\/wp-content\/uploads\/2023\/10\/Dossier-beneficiaire-vierge-fr-1.pdf\" data-type=\"attachment\" data-id=\"469\" target=\"_blank\" rel=\"noreferrer noopener\">t\u00e9l\u00e9charger<\/a>) et fournir des <strong>documents justificatifs<\/strong>.<\/p>\n\n\n\n<p>Expliquez <span style=\"text-decoration: underline;\">en d\u00e9tail<\/span> votre situation<strong> <\/strong>dans votre mail de demande.<\/p>\n\n\n\n<div style=\"height:25px\" aria-hidden=\"true\" class=\"wp-block-spacer\"><\/div>\n\n\n\n<p>\u00c0 fournir <strong>imp\u00e9rativement<\/strong> :<\/p>\n\n\n\n<ul>\n<li><strong>une copie de la carte \u00e9tudiante ou un certificat de scolarit\u00e9<\/strong><\/li>\n\n\n\n<li><strong>le dossier rempli<\/strong><\/li>\n<\/ul>\n\n\n\n<div style=\"height:11px\" aria-hidden=\"true\" class=\"wp-block-spacer\"><\/div>\n\n\n\n<p>En fonction de votre situation :<\/p>\n\n\n\n<ul>\n<li>si vous \u00eates locataire d&rsquo;un logement : quittance de loyer ou contrat de location<\/li>\n\n\n\n<li>si vous avez un compte bancaire en France : les 2 derniers relev\u00e9s de compte<\/li>\n\n\n\n<li>si vous touchez les APL : une attestation de la CAF (dites-nous aussi si vous attendez encore une r\u00e9ponse !)<\/li>\n\n\n\n<li>si vous \u00eates boursier (CROUS, Erasmus ou autre) : attestation de bourse <\/li>\n\n\n\n<li>si vous travaillez : vos deux derniers bulletins de salaire et votre derni\u00e8re d\u00e9claration d&rsquo;impots<\/li>\n\n\n\n<li>si vous recevez une aide financi\u00e8re (par exemple de vos parents) : une attestation sur l&rsquo;honneur de versement pr\u00e9cisant le montant, sign\u00e9e par l&rsquo;aidant<\/li>\n<\/ul>\n\n\n\n<p>S&rsquo;il vous manque un de ces documents ce n&rsquo;est pas un probl\u00e8me mais <strong>expliquez-nous<\/strong> <strong>votre situation !<\/strong><\/p>\n\n\n\n<p>Vous pouvez \u00e9galement joindre tout autre document que vous jugez pertinent !<\/p>\n\n\n\n<div style=\"height:19px\" aria-hidden=\"true\" class=\"wp-block-spacer\"><\/div>\n\n\n\n<p><strong>Les documents sont \u00e0 envoyer \u00e0 <a href=\"mailto:dossier@agorae-paris-saclay.fr\">dossier@agorae-paris-saclay.fr<\/a><\/strong> .<\/p>\n<\/div>\n<\/div>\n\n\n\n<div style=\"height:33px\" aria-hidden=\"true\" class=\"wp-block-spacer\"><\/div>\n\n\n\n<h5 class=\"wp-block-heading\">D\u00e9lais de r\u00e9ponse<\/h5>\n\n\n\n<p>Nous vous r\u00e9pondons g\u00e9n\u00e9ralement en moins d&rsquo;une semaine apr\u00e8s l&rsquo;envoi de votre dossier par mail. Il s&rsquo;agit d&rsquo;une estimation qui peut varier l\u00e9g\u00e8rement en fonction du nombre de demandes re\u00e7ues.<\/p>\n\n\n\n<div style=\"height:33px\" aria-hidden=\"true\" class=\"wp-block-spacer\"><\/div>\n\n\n\n<p>Si vous avez besoin de plus d&rsquo;informations, n&rsquo;h\u00e9sitez pas \u00e0 nous <a rel=\"noreferrer noopener\" href=\"https:\/\/agorae-paris-saclay.fr\/index.php\/contact\/\" data-type=\"page\" data-id=\"69\" target=\"_blank\">contacter<\/a> !<\/p>\n\n\n\n<div style=\"height:29px\" aria-hidden=\"true\" class=\"wp-block-spacer\"><\/div>\n\n\n\n<p>Vous pouvez t\u00e9l\u00e9charger le dossier ici !<\/p>\n\n\n\n<div style=\"height:15px\" aria-hidden=\"true\" class=\"wp-block-spacer\"><\/div>\n\n\n\n<div class=\"wp-block-file\"><a id=\"wp-block-file--media-8ea8a1bc-8dc8-489b-99aa-d9da924c3e3b\" href=\"https:\/\/agorae-paris-saclay.fr\/wp-content\/uploads\/2023\/10\/Dossier-beneficiaire-vierge-fr-1.pdf\">Dossier b\u00e9n\u00e9ficiaire vierge (fr)<\/a><a href=\"https:\/\/agorae-paris-saclay.fr\/wp-content\/uploads\/2023\/10\/Dossier-beneficiaire-vierge-fr-1.pdf\" class=\"wp-block-file__button wp-element-button\" download aria-describedby=\"wp-block-file--media-8ea8a1bc-8dc8-489b-99aa-d9da924c3e3b\"><mark style=\"background-color:rgba(0, 0, 0, 0)\" class=\"has-inline-color has-base-color\">T\u00e9l\u00e9charger<\/mark><\/a><\/div>\n\n\n\n<div style=\"height:40px\" aria-hidden=\"true\" class=\"wp-block-spacer\"><\/div>\n","protected":false},"excerpt":{"rendered":"<p>Qu&rsquo;est-ce qu&rsquo;\u00eatre b\u00e9n\u00e9ficiaire \u00e0 l&rsquo;AGORA\u00e9 ? \u00catre b\u00e9n\u00e9ficiaire au sein de l&rsquo;AGORA\u00e9 Paris-Saclay c&rsquo;est avoir acc\u00e8s \u00e0 des produits du quotidiens (alimentaires et hygi\u00e9niques) \u00e0 des prix tr\u00e8s r\u00e9duits. L&rsquo;AGORA\u00e9 Paris-Saclay organise aussi des \u00e9v\u00e9nements gratuits pour les b\u00e9n\u00e9ficiaires afin de leur faire d\u00e9couvrir des fa\u00e7ons de cuisiner les produits vendus dans l&rsquo;\u00e9picerie. C&rsquo;est un [&hellip;]<\/p>\n","protected":false},"author":1,"featured_media":0,"parent":0,"menu_order":0,"comment_status":"closed","ping_status":"closed","template":"","meta":[],"_links":{"self":[{"href":"https:\/\/agorae-paris-saclay.fr\/index.php\/wp-json\/wp\/v2\/pages\/71"}],"collection":[{"href":"https:\/\/agorae-paris-saclay.fr\/index.php\/wp-json\/wp\/v2\/pages"}],"about":[{"href":"https:\/\/agorae-paris-saclay.fr\/index.php\/wp-json\/wp\/v2\/types\/page"}],"author":[{"embeddable":true,"href":"https:\/\/agorae-paris-saclay.fr\/index.php\/wp-json\/wp\/v2\/users\/1"}],"replies":[{"embeddable":true,"href":"https:\/\/agorae-paris-saclay.fr\/index.php\/wp-json\/wp\/v2\/comments?post=71"}],"version-history":[{"count":54,"href":"https:\/\/agorae-paris-saclay.fr\/index.php\/wp-json\/wp\/v2\/pages\/71\/revisions"}],"predecessor-version":[{"id":590,"href":"https:\/\/agorae-paris-saclay.fr\/index.php\/wp-json\/wp\/v2\/pages\/71\/revisions\/590"}],"wp:attachment":[{"href":"https:\/\/agorae-paris-saclay.fr\/index.php\/wp-json\/wp\/v2\/media?parent=71"}],"curies":[{"name":"wp","href":"https:\/\/api.w.org\/{rel}","templated":true}]}}