{"id":400,"date":"2023-09-10T13:01:52","date_gmt":"2023-09-10T11:01:52","guid":{"rendered":"https:\/\/agorae-paris-saclay.fr\/?page_id=400"},"modified":"2024-01-20T09:46:23","modified_gmt":"2024-01-20T08:46:23","slug":"nous-soutenir","status":"publish","type":"page","link":"https:\/\/agorae-paris-saclay.fr\/index.php\/nous-soutenir\/","title":{"rendered":"Nous soutenir"},"content":{"rendered":"\n<p><strong>Toute contribution, qu&rsquo;elle soit ponctuelle ou r\u00e9guli\u00e8re, est la bienvenue !<\/strong><\/p>\n\n\n\n<div style=\"height:40px\" aria-hidden=\"true\" class=\"wp-block-spacer\"><\/div>\n\n\n\n<h4 class=\"wp-block-heading\">Vous souhaitez donner de votre temps ?<\/h4>\n\n\n\n<p>Donner de votre temps est la chose la plus simple mais la plus impactante que vous puissiez faire. Pour cela rendez-vous sur notre page <a href=\"https:\/\/agorae-paris-saclay.fr\/index.php\/devenir-benevole\/\" data-type=\"page\" data-id=\"365\">devenir b\u00e9n\u00e9vole<\/a> !<\/p>\n\n\n\n<div style=\"height:40px\" aria-hidden=\"true\" class=\"wp-block-spacer\"><\/div>\n\n\n\n<h4 class=\"wp-block-heading\">Organisez une collecte !<\/h4>\n\n\n\n<p>Un moyen peu co\u00fbteux de nous aider est d&rsquo;organiser une collecte de produits alimentaires ou d&rsquo;hygi\u00e8ne. Cela peut se faire dans un magasin, dans votre entreprise, votre commune, votre paroisse ou une communaut\u00e9 dont vous faites partie. Id\u00e9alement, <a href=\"mailto:contact@agorae-paris-saclay.fr\">contactez-nous<\/a> pr\u00e9alablement afin que nous vous communiquions nos besoins du moment.<\/p>\n\n\n\n<div style=\"height:40px\" aria-hidden=\"true\" class=\"wp-block-spacer\"><\/div>\n\n\n\n<h4 class=\"wp-block-heading\">Vous souhaitez faire un don en nature ?<\/h4>\n\n\n\n<p>Les dons en nature nous permettent d&rsquo;offrir des produits de qualit\u00e9 et vari\u00e9s \u00e0 nos b\u00e9n\u00e9ficiaires.<\/p>\n\n\n\n<p>Il y a deux fa\u00e7ons de nous faire un don en nature :<\/p>\n\n\n\n<ul>\n<li>Vous \u00eates commer\u00e7ant ou producteur et souhaitez nous donner des denr\u00e9es (don, invendus, DDM d\u00e9pass\u00e9e &#8230;)<\/li>\n\n\n\n<li>Vous souhaitez acheter des denr\u00e9es et les donner \u00e0 l&rsquo;AGORA\u00e9<\/li>\n<\/ul>\n\n\n\n<p>Dans ces deux cas de figure, contactez-nous \u00e0 l&rsquo;adresse : <a href=\"mailto:contact@agorae-paris-saclay.fr\">contact@agorae-paris-saclay.fr<\/a><\/p>\n\n\n\n<div style=\"height:40px\" aria-hidden=\"true\" class=\"wp-block-spacer\"><\/div>\n\n\n\n<h4 class=\"wp-block-heading\">Vous souhaitez faire un don financier ?<\/h4>\n\n\n\n<p>Les dons financiers nous permettent de compl\u00e9ter les dons en nature par un approvisionnement r\u00e9gulier en produits frais.<\/p>\n\n\n\n<p>C&rsquo;est aussi ce qui nous permet d&rsquo;am\u00e9nager l&rsquo;\u00e9picerie et d&rsquo;acqu\u00e9rir le mat\u00e9riel n\u00e9cessaire \u00e0 son bon fonctionnement<\/p>\n\n\n\n<p>Enfin, c&rsquo;est un moyen de p\u00e9renniser notre activit\u00e9 en augmentant notre capacit\u00e9 \u00e0 r\u00e9pondre aux impr\u00e9vus.<\/p>\n\n\n\n<p>Pour cela, contactez-nous par mail \u00e0 l&rsquo;adresse : <a href=\"mailto:contact@agorae-paris-saclay.fr\">contact@agorae-paris-saclay.fr<\/a><\/p>\n\n\n\n<div style=\"height:40px\" aria-hidden=\"true\" class=\"wp-block-spacer\"><\/div>\n\n\n\n<p><strong>Si vous pensez pourvoir nous aider d&rsquo;une quelconque autre mani\u00e8re, n&rsquo;h\u00e9sitez pas \u00e0 nous solliciter par mail !<\/strong><\/p>\n\n\n\n<div style=\"height:40px\" aria-hidden=\"true\" class=\"wp-block-spacer\"><\/div>\n\n\n\n<p><strong>Merci pour votre aide !<\/strong><\/p>\n\n\n\n<div style=\"height:40px\" aria-hidden=\"true\" class=\"wp-block-spacer\"><\/div>\n","protected":false},"excerpt":{"rendered":"<p>Toute contribution, qu&rsquo;elle soit ponctuelle ou r\u00e9guli\u00e8re, est la bienvenue ! Vous souhaitez donner de votre temps ? Donner de votre temps est la chose la plus simple mais la plus impactante que vous puissiez faire. Pour cela rendez-vous sur notre page devenir b\u00e9n\u00e9vole ! Organisez une collecte ! Un moyen peu co\u00fbteux de nous [&hellip;]<\/p>\n","protected":false},"author":1,"featured_media":0,"parent":0,"menu_order":0,"comment_status":"closed","ping_status":"closed","template":"","meta":[],"_links":{"self":[{"href":"https:\/\/agorae-paris-saclay.fr\/index.php\/wp-json\/wp\/v2\/pages\/400"}],"collection":[{"href":"https:\/\/agorae-paris-saclay.fr\/index.php\/wp-json\/wp\/v2\/pages"}],"about":[{"href":"https:\/\/agorae-paris-saclay.fr\/index.php\/wp-json\/wp\/v2\/types\/page"}],"author":[{"embeddable":true,"href":"https:\/\/agorae-paris-saclay.fr\/index.php\/wp-json\/wp\/v2\/users\/1"}],"replies":[{"embeddable":true,"href":"https:\/\/agorae-paris-saclay.fr\/index.php\/wp-json\/wp\/v2\/comments?post=400"}],"version-history":[{"count":13,"href":"https:\/\/agorae-paris-saclay.fr\/index.php\/wp-json\/wp\/v2\/pages\/400\/revisions"}],"predecessor-version":[{"id":526,"href":"https:\/\/agorae-paris-saclay.fr\/index.php\/wp-json\/wp\/v2\/pages\/400\/revisions\/526"}],"wp:attachment":[{"href":"https:\/\/agorae-paris-saclay.fr\/index.php\/wp-json\/wp\/v2\/media?parent=400"}],"curies":[{"name":"wp","href":"https:\/\/api.w.org\/{rel}","templated":true}]}}