{"id":365,"date":"2023-08-28T10:33:30","date_gmt":"2023-08-28T08:33:30","guid":{"rendered":"https:\/\/agorae-paris-saclay.fr\/?page_id=365"},"modified":"2026-03-25T15:51:40","modified_gmt":"2026-03-25T14:51:40","slug":"devenir-benevole","status":"publish","type":"page","link":"https:\/\/agorae-paris-saclay.fr\/index.php\/devenir-benevole\/","title":{"rendered":"Devenir b\u00e9n\u00e9vole"},"content":{"rendered":"\n<p>Vous \u00eates sensible \u00e0 notre mission et souhaitez nous aider ? Devenez b\u00e9n\u00e9vole de l&rsquo;association !<\/p>\n\n\n\n<p><strong>Toute aide est la bienvenue, qu&rsquo;elle soit ponctuelle ou r\u00e9guli\u00e8re, que vous soyez \u00e9tudiant ou non. <\/strong><\/p>\n\n\n\n<p>Vous pouvez nous contacter \u00e0 l&rsquo;adresse : <a href=\"mailto:contact@agorae-paris-saclay.fr\">contact@agorae-paris-saclay.fr<\/a><\/p>\n\n\n\n<div style=\"height:40px\" aria-hidden=\"true\" class=\"wp-block-spacer\"><\/div>\n\n\n\n<p>La structure interne de l&rsquo;association distingue les b\u00e9n\u00e9voles et les b\u00e9n\u00e9voles membres du bureau :<\/p>\n\n\n\n<ul>\n<li>Le <strong>b\u00e9n\u00e9vole <\/strong>participe ponctuellement ou r\u00e9guli\u00e8rement \u00e0 la vie de l&rsquo;association et aux actions men\u00e9es. Il peut \u00e9galement \u00eatre \u00e0 l&rsquo;origine d&rsquo;initiatives diverses.<\/li>\n\n\n\n<li>Le <strong>membre du bureau <\/strong>est un b\u00e9n\u00e9vole \u00e9lu \u00e0 un poste lors des comit\u00e9s de pilotage, il dispose de responsabilit\u00e9s, participe \u00e0 l&rsquo;organisation et la prise de d\u00e9cisions au sein de l&rsquo;association. Afin de pr\u00e9server le caract\u00e8re \u00e9tudiant de l&rsquo;association, le membre du bureau est n\u00e9cessairement un \u00e9tudiant de l&rsquo;Universit\u00e9 Paris-Saclay ou de ses composantes.<\/li>\n<\/ul>\n\n\n\n<div style=\"height:40px\" aria-hidden=\"true\" class=\"wp-block-spacer\"><\/div>\n\n\n\n<p><\/p>\n\n\n\n<p>Voici les diff\u00e9rentes t\u00e2ches qu&rsquo;un b\u00e9n\u00e9vole peut \u00eatre amen\u00e9 \u00e0 effectuer :<\/p>\n\n\n\n<ul>\n<li>L&rsquo;approvisionnement en denr\u00e9es alimentaires : collectes, approvisionnement \u00e0 la banque alimentaire, courses ponctuelles<\/li>\n\n\n\n<li>L&rsquo;ouverture et la tenue de l&rsquo;\u00e9picerie : mise en rayon, tenue de la caisse, entretien et propret\u00e9 des locaux, tenue de l&rsquo;inventaire<\/li>\n\n\n\n<li>Le lien social : organisation d&rsquo;ateliers divers (atelier cuisine, atelier couture&#8230;), proposition de sorties culturelles \u00e0 bas prix<\/li>\n<\/ul>\n\n\n\n<div style=\"height:40px\" aria-hidden=\"true\" class=\"wp-block-spacer\"><\/div>\n\n\n\n<p>Voici les diff\u00e9rentes t\u00e2ches qu&rsquo;un membre du bureau peut \u00eatre amen\u00e9 \u00e0 effectuer :<\/p>\n\n\n\n<ul>\n<li>Toutes les t\u00e2ches qu&rsquo;un b\u00e9n\u00e9vole peut \u00eatre amen\u00e9 \u00e0 effectuer<\/li>\n\n\n\n<li>La communication : publication r\u00e9guli\u00e8re sur les r\u00e9seaux sociaux et le site internet, affichage dans les nombreuses composantes de l&rsquo;universit\u00e9, communication des horaires d&rsquo;ouverture<\/li>\n\n\n\n<li>Les partenariats : se faire conna\u00eetre aupr\u00e8s des donateurs potentiels, relations avec des fournisseurs de produits locaux et de bonne qualit\u00e9, maintenir de bonnes relations avec les collectivit\u00e9 locales<\/li>\n\n\n\n<li>L&rsquo;administratif : gestion des dossier des b\u00e9n\u00e9ficiaires, maintien du site web<\/li>\n\n\n\n<li>Le travail relatif \u00e0 la vie de toute association : organisation d&rsquo;assembl\u00e9es g\u00e9n\u00e9rales, gestion de la tr\u00e9sorerie, mise \u00e0 jour des status\u2026<\/li>\n<\/ul>\n\n\n\n<div style=\"height:40px\" aria-hidden=\"true\" class=\"wp-block-spacer\"><\/div>\n\n\n\n<p><strong>En pratique<\/strong> <strong>:<\/strong> Nous disposons d&rsquo;un groupe de messagerie pour communiquer entre b\u00e9n\u00e9voles. Si vous nous rejoignez, il suffit de r\u00e9agir aux sollicitations lorsque vous \u00eates disponible ou de proposer des initiatives pour participer !<\/p>\n\n\n\n<div style=\"height:40px\" aria-hidden=\"true\" class=\"wp-block-spacer\"><\/div>\n\n\n\n<p><strong>Votre engagement permettrait de d\u00e9velopper et diversifier notre activit\u00e9, et d&rsquo;allouer des ressources  \u00e0 tous les aspects n\u00e9cessaires au bon fonctionnement de l&rsquo;association !<\/strong><\/p>\n\n\n\n<div style=\"height:40px\" aria-hidden=\"true\" class=\"wp-block-spacer\"><\/div>\n\n\n\n<div style=\"height:40px\" aria-hidden=\"true\" class=\"wp-block-spacer\"><\/div>\n","protected":false},"excerpt":{"rendered":"<p>Vous \u00eates sensible \u00e0 notre mission et souhaitez nous aider ? Devenez b\u00e9n\u00e9vole de l&rsquo;association ! Toute aide est la bienvenue, qu&rsquo;elle soit ponctuelle ou r\u00e9guli\u00e8re, que vous soyez \u00e9tudiant ou non. Vous pouvez nous contacter \u00e0 l&rsquo;adresse : contact@agorae-paris-saclay.fr La structure interne de l&rsquo;association distingue les b\u00e9n\u00e9voles et les b\u00e9n\u00e9voles membres du bureau : [&hellip;]<\/p>\n","protected":false},"author":1,"featured_media":0,"parent":0,"menu_order":0,"comment_status":"closed","ping_status":"closed","template":"","meta":[],"_links":{"self":[{"href":"https:\/\/agorae-paris-saclay.fr\/index.php\/wp-json\/wp\/v2\/pages\/365"}],"collection":[{"href":"https:\/\/agorae-paris-saclay.fr\/index.php\/wp-json\/wp\/v2\/pages"}],"about":[{"href":"https:\/\/agorae-paris-saclay.fr\/index.php\/wp-json\/wp\/v2\/types\/page"}],"author":[{"embeddable":true,"href":"https:\/\/agorae-paris-saclay.fr\/index.php\/wp-json\/wp\/v2\/users\/1"}],"replies":[{"embeddable":true,"href":"https:\/\/agorae-paris-saclay.fr\/index.php\/wp-json\/wp\/v2\/comments?post=365"}],"version-history":[{"count":33,"href":"https:\/\/agorae-paris-saclay.fr\/index.php\/wp-json\/wp\/v2\/pages\/365\/revisions"}],"predecessor-version":[{"id":656,"href":"https:\/\/agorae-paris-saclay.fr\/index.php\/wp-json\/wp\/v2\/pages\/365\/revisions\/656"}],"wp:attachment":[{"href":"https:\/\/agorae-paris-saclay.fr\/index.php\/wp-json\/wp\/v2\/media?parent=365"}],"curies":[{"name":"wp","href":"https:\/\/api.w.org\/{rel}","templated":true}]}}